{"id":2661,"date":"2021-08-10T12:23:26","date_gmt":"2021-08-10T12:23:26","guid":{"rendered":"http:\/\/leigjendur.is\/um-okkur\/"},"modified":"2024-10-08T11:09:43","modified_gmt":"2024-10-08T11:09:43","slug":"o-stowarzyszen","status":"publish","type":"page","link":"https:\/\/leigjendur.is\/pl\/o-stowarzyszen\/","title":{"rendered":"O nas"},"content":{"rendered":"\t\t<div data-elementor-type=\"wp-page\" data-elementor-id=\"2661\" class=\"elementor elementor-2661 elementor-2184\" data-elementor-post-type=\"page\">\n\t\t\t\t\t\t<section class=\"ob-is-breaking-bad elementor-section elementor-top-section elementor-element elementor-element-721f1fa8 elementor-section-stretched elementor-section-boxed elementor-section-height-default elementor-section-height-default\" data-id=\"721f1fa8\" data-element_type=\"section\" data-settings=\"{&quot;stretch_section&quot;:&quot;section-stretched&quot;,&quot;_ob_bbad_use_it&quot;:&quot;yes&quot;,&quot;_ob_bbad_sssic_use&quot;:&quot;no&quot;,&quot;_ob_glider_is_slider&quot;:&quot;no&quot;}\">\n\t\t\t\t\t\t<div class=\"elementor-container elementor-column-gap-default\">\n\t\t\t\t\t<div class=\"elementor-column elementor-col-50 elementor-top-column elementor-element elementor-element-5d744dfc\" data-id=\"5d744dfc\" data-element_type=\"column\" data-settings=\"{&quot;_ob_bbad_is_stalker&quot;:&quot;no&quot;,&quot;_ob_teleporter_use&quot;:false,&quot;_ob_column_hoveranimator&quot;:&quot;no&quot;,&quot;_ob_column_has_pseudo&quot;:&quot;no&quot;}\">\n\t\t\t<div class=\"elementor-widget-wrap elementor-element-populated\">\n\t\t\t\t\t\t<div class=\"elementor-element elementor-element-52680896 ob-harakiri-inherit ob-has-background-overlay elementor-widget elementor-widget-text-editor\" data-id=\"52680896\" data-element_type=\"widget\" data-settings=\"{&quot;_ob_use_harakiri&quot;:&quot;yes&quot;,&quot;_ob_harakiri_writing_mode&quot;:&quot;inherit&quot;,&quot;_ob_postman_use&quot;:&quot;no&quot;,&quot;_ob_perspektive_use&quot;:&quot;no&quot;,&quot;_ob_poopart_use&quot;:&quot;yes&quot;,&quot;_ob_shadough_use&quot;:&quot;no&quot;,&quot;_ob_allow_hoveranimator&quot;:&quot;no&quot;,&quot;_ob_widget_stalker_use&quot;:&quot;no&quot;}\" data-widget_type=\"text-editor.default\">\n\t\t\t\t<div class=\"elementor-widget-container\">\n\t\t\t\t\t\t\t\t\t<p>Stowarzyszenie Ochrony Konsument\u00f3w (isl. <em>Neytendasamt\u00f6kin<\/em>) udziela porad prawnych dla najemc\u00f3w na podstawie umowy o \u015bwiadczeniu us\u0142ug z Ministerstwem Spraw Socjalnych. Us\u0142uga jest nieodp\u0142atna zar\u00f3wno dla najemc\u00f3w, jak i wynajmuj\u0105cych, kt\u00f3rzy r\u00f3wnie\u017c mog\u0105 z niej korzysta\u0107.\u00a0<\/p><p>Podczas dy\u017curu mo\u017cna uzyska\u0107 informacje i porady dotycz\u0105ce praw i obowi\u0105zk\u00f3w wynikaj\u0105cych z umowy najmu. Najemc\u00f3w i wynajmuj\u0105cych zach\u0119ca si\u0119 r\u00f3wnie\u017c do zapoznania si\u0119 z informacjami dost\u0119pnymi na tej stronie internetowej stowarzyszenia.<\/p><p>W przypadku braku porozumienia mi\u0119dzy najemc\u0105 a wynajmuj\u0105cym, istnieje mo\u017cliwo\u015b\u0107 zwr\u00f3cenia si\u0119 o pomoc do <a href=\"https:\/\/www.stjornarradid.is\/raduneyti\/nefndir\/kaerunefnd-husamala\/\" target=\"_blank\" rel=\"noopener\">Komisji ds. Skarg Mieszkaniowych<\/a> (isl. <em>K\u00e6runefnd h\u00fasam\u00e1la<\/em>).<\/p><p>Dy\u017cur telefoniczny odbywa si\u0119 we wtorki i czwartki w godzinach\u00a0 12:30\u201315:00<\/p><p><a href=\"\/pl\/formularz-kontaktowy\/\" rel=\"noopener\">W celu uzyskania pomocy prawnej mo\u017cna r\u00f3wnie\u017c wys\u0142a\u0107 zapytanie TU<\/a><\/p>\t\t\t\t\t\t\t\t<\/div>\n\t\t\t\t<\/div>\n\t\t\t\t\t<\/div>\n\t\t<\/div>\n\t\t\t\t<div class=\"elementor-column elementor-col-50 elementor-top-column elementor-element elementor-element-3371e25\" data-id=\"3371e25\" data-element_type=\"column\" data-settings=\"{&quot;_ob_bbad_is_stalker&quot;:&quot;no&quot;,&quot;_ob_teleporter_use&quot;:false,&quot;_ob_column_hoveranimator&quot;:&quot;no&quot;,&quot;_ob_column_has_pseudo&quot;:&quot;no&quot;}\">\n\t\t\t<div class=\"elementor-widget-wrap elementor-element-populated\">\n\t\t\t\t\t\t<div class=\"elementor-element elementor-element-7ddc424 ob-has-background-overlay elementor-widget elementor-widget-image\" data-id=\"7ddc424\" data-element_type=\"widget\" data-settings=\"{&quot;_ob_photomorph_use&quot;:&quot;no&quot;,&quot;_ob_perspektive_use&quot;:&quot;no&quot;,&quot;_ob_poopart_use&quot;:&quot;yes&quot;,&quot;_ob_shadough_use&quot;:&quot;no&quot;,&quot;_ob_allow_hoveranimator&quot;:&quot;no&quot;,&quot;_ob_widget_stalker_use&quot;:&quot;no&quot;}\" data-widget_type=\"image.default\">\n\t\t\t\t<div class=\"elementor-widget-container\">\n\t\t\t\t\t\t\t\t\t\t\t\t\t\t\t<img fetchpriority=\"high\" decoding=\"async\" width=\"500\" height=\"662\" src=\"https:\/\/leigjendur.is\/wp-content\/uploads\/2021\/08\/um-okkur.png\" class=\"attachment-large size-large wp-image-2348\" alt=\"\" srcset=\"https:\/\/leigjendur.is\/wp-content\/uploads\/2021\/08\/um-okkur.png 500w, https:\/\/leigjendur.is\/wp-content\/uploads\/2021\/08\/um-okkur-227x300.png 227w\" sizes=\"(max-width: 500px) 100vw, 500px\" \/>\t\t\t\t\t\t\t\t\t\t\t\t\t\t\t<\/div>\n\t\t\t\t<\/div>\n\t\t\t\t\t<\/div>\n\t\t<\/div>\n\t\t\t\t\t<\/div>\n\t\t<\/section>\n\t\t\t\t<\/div>\n\t\t","protected":false},"excerpt":{"rendered":"<p>Stowarzyszenie Ochrony Konsument\u00f3w (isl. Neytendasamt\u00f6kin) udziela porad prawnych dla najemc\u00f3w na podstawie umowy o \u015bwiadczeniu us\u0142ug z Ministerstwem Spraw Socjalnych. Us\u0142uga jest nieodp\u0142atna zar\u00f3wno dla najemc\u00f3w, jak i wynajmuj\u0105cych, kt\u00f3rzy r\u00f3wnie\u017c mog\u0105 z niej korzysta\u0107.\u00a0 Podczas dy\u017curu mo\u017cna uzyska\u0107 informacje i porady dotycz\u0105ce praw i obowi\u0105zk\u00f3w wynikaj\u0105cych z umowy najmu. Najemc\u00f3w i wynajmuj\u0105cych zach\u0119ca si\u0119 [&hellip;]<\/p>\n","protected":false},"author":1,"featured_media":0,"parent":0,"menu_order":0,"comment_status":"closed","ping_status":"closed","template":"","meta":{"footnotes":""},"class_list":["post-2661","page","type-page","status-publish","hentry","wpbf-post"],"_links":{"self":[{"href":"https:\/\/leigjendur.is\/pl\/wp-json\/wp\/v2\/pages\/2661","targetHints":{"allow":["GET"]}}],"collection":[{"href":"https:\/\/leigjendur.is\/pl\/wp-json\/wp\/v2\/pages"}],"about":[{"href":"https:\/\/leigjendur.is\/pl\/wp-json\/wp\/v2\/types\/page"}],"author":[{"embeddable":true,"href":"https:\/\/leigjendur.is\/pl\/wp-json\/wp\/v2\/users\/1"}],"replies":[{"embeddable":true,"href":"https:\/\/leigjendur.is\/pl\/wp-json\/wp\/v2\/comments?post=2661"}],"version-history":[{"count":3,"href":"https:\/\/leigjendur.is\/pl\/wp-json\/wp\/v2\/pages\/2661\/revisions"}],"predecessor-version":[{"id":4105,"href":"https:\/\/leigjendur.is\/pl\/wp-json\/wp\/v2\/pages\/2661\/revisions\/4105"}],"wp:attachment":[{"href":"https:\/\/leigjendur.is\/pl\/wp-json\/wp\/v2\/media?parent=2661"}],"curies":[{"name":"wp","href":"https:\/\/api.w.org\/{rel}","templated":true}]}}